{"id":36452,"date":"2024-05-16T09:01:45","date_gmt":"2024-05-16T09:01:45","guid":{"rendered":"https:\/\/theme-dev.cmsmasters.net\/dentalist\/?page_id=27"},"modified":"2026-03-02T12:17:32","modified_gmt":"2026-03-02T12:17:32","slug":"contacts","status":"publish","type":"page","link":"https:\/\/07dentalclinic.com\/nl\/contacts\/","title":{"rendered":"Contacts"},"content":{"rendered":"\t\t<div data-elementor-type=\"wp-page\" data-elementor-id=\"36452\" class=\"elementor elementor-36452\">\n\t\t\t\t<div class=\"elementor-element elementor-element-1e9d3be e-flex e-con-boxed cmsmasters-bg-hide-none cmsmasters-bg-hide-none cmsmasters-block-default e-con e-parent\" data-id=\"1e9d3be\" data-element_type=\"container\" data-e-type=\"container\" data-settings=\"{&quot;background_background&quot;:&quot;classic&quot;}\">\n\t\t\t\t\t<div class=\"e-con-inner\">\n\t\t<div class=\"elementor-element elementor-element-9513723 e-flex e-con-boxed cmsmasters-block-default e-con e-child\" data-id=\"9513723\" data-element_type=\"container\" data-e-type=\"container\">\n\t\t\t\t\t<div class=\"e-con-inner\">\n\t\t\t\t<div class=\"elementor-element elementor-element-bbf615d cmsmasters-block-default cmsmasters-sticky-default elementor-widget elementor-widget-heading\" data-id=\"bbf615d\" data-element_type=\"widget\" data-e-type=\"widget\" data-widget_type=\"heading.default\">\n\t\t\t\t\t<h6 class=\"elementor-heading-title elementor-size-default\">Contact Us<\/h6>\t\t\t\t<\/div>\n\t\t\t\t<div class=\"elementor-element elementor-element-0074a0e cmsmasters-block-default cmsmasters-sticky-default elementor-widget elementor-widget-heading\" data-id=\"0074a0e\" data-element_type=\"widget\" data-e-type=\"widget\" data-widget_type=\"heading.default\">\n\t\t\t\t\t<h1 class=\"elementor-heading-title elementor-size-default\">Neem eenvoudig contact met ons op<\/h1>\t\t\t\t<\/div>\n\t\t<div class=\"elementor-element elementor-element-6a054ca e-flex e-con-boxed cmsmasters-block-default e-con e-child\" data-id=\"6a054ca\" data-element_type=\"container\" data-e-type=\"container\">\n\t\t\t\t\t<div class=\"e-con-inner\">\n\t\t\t\t<div class=\"elementor-element elementor-element-5f789e1 cmsmasters-block-default cmsmasters-sticky-default elementor-widget elementor-widget-cmsmasters-button\" data-id=\"5f789e1\" data-element_type=\"widget\" data-e-type=\"widget\" data-widget_type=\"cmsmasters-button.default\">\n\t\t\t\t\t<div class=\"elementor-widget-cmsmasters-button__button-container\"><div class=\"elementor-widget-cmsmasters-button__button-container-inner\"><a href=\"https:\/\/wa.me\/31621363285?text=Hallo%2C%20ik%20wil%20graag%20informatie%20ontvangen%20over%2007%20Dental.\" class=\"cmsmasters-button-link elementor-widget-cmsmasters-button__button cmsmasters-icon-view- cmsmasters-icon-shape- cmsmasters-button-size-sm\" role=\"button\" tabindex=\"0\"><span class=\"elementor-widget-cmsmasters-button__content-wrapper cmsmasters-align-icon-\"><span class=\"elementor-widget-cmsmasters-button__text\">Whatsapp<\/span><\/span><\/a><\/div><\/div>\t\t\t\t<\/div>\n\t\t\t\t<div class=\"elementor-element elementor-element-bc50746 cmsmasters-icon-arrangement-together cmsmasters-block-default cmsmasters-sticky-default elementor-widget elementor-widget-cmsmasters-button\" data-id=\"bc50746\" data-element_type=\"widget\" data-e-type=\"widget\" data-widget_type=\"cmsmasters-button.default\">\n\t\t\t\t\t<div class=\"elementor-widget-cmsmasters-button__button-container\"><div class=\"elementor-widget-cmsmasters-button__button-container-inner\"><a href=\"tel:+31%206%2021363285\" class=\"cmsmasters-button-link elementor-widget-cmsmasters-button__button cmsmasters-icon-view-framed cmsmasters-icon-shape-circle cmsmasters-button-size-sm\" role=\"button\" tabindex=\"0\"><span class=\"elementor-widget-cmsmasters-button__content-wrapper cmsmasters-align-icon-left\"><span class=\"elementor-widget-cmsmasters-button__icon\"><i aria-hidden=\"true\" class=\"cmsdemo-icon- cms-demo-icon-phone\"><\/i><\/span><span class=\"elementor-widget-cmsmasters-button__text\">Call: +31 6 21363285<\/span><\/span><\/a><\/div><\/div>\t\t\t\t<\/div>\n\t\t\t\t\t<\/div>\n\t\t\t\t<\/div>\n\t\t\t\t\t<\/div>\n\t\t\t\t<\/div>\n\t\t<div class=\"elementor-element elementor-element-3d9fce0 e-flex e-con-boxed cmsmasters-block-default e-con e-child\" data-id=\"3d9fce0\" data-element_type=\"container\" data-e-type=\"container\">\n\t\t\t\t\t<div class=\"e-con-inner\">\n\t\t\t\t<div class=\"elementor-element elementor-element-ab8b5cc cmsmasters-block-default cmsmasters-sticky-default elementor-widget elementor-widget-html\" data-id=\"ab8b5cc\" data-element_type=\"widget\" data-e-type=\"widget\" data-widget_type=\"html.default\">\n\t\t\t\t\t<script>!function(a,m,o,c,r,m){a[o+c]=a[o+c]||{setMeta:function(p){this.params=(this.params||[]).concat([p])}},a[o+r]=a[o+r]||function(f){a[o+r].f=(a[o+r].f||[]).concat([f])},a[o+r]({id:\"1651835\",hash:\"476e069adef12a2ec98ff3595039b730\",locale:\"en\"}),a[o+m]=a[o+m]||function(f,k){a[o+m].f=(a[o+m].f||[]).concat([[f,k]])}}(window,0,\"amo_forms_\",\"params\",\"load\",\"loaded\");<\/script><script id=\"amoforms_script_1651835\" async=\"async\" charset=\"utf-8\" src=\"https:\/\/forms.kommo.com\/forms\/assets\/js\/amoforms.js?1772029721\"><\/script>\t\t\t\t<\/div>\n\t\t\t\t\t<\/div>\n\t\t\t\t<\/div>\n\t\t\t\t\t<\/div>\n\t\t\t\t<\/div>\n\t\t<div class=\"elementor-element elementor-element-7c482df e-flex e-con-boxed cmsmasters-block-default e-con e-parent\" data-id=\"7c482df\" data-element_type=\"container\" data-e-type=\"container\">\n\t\t\t\t\t<div class=\"e-con-inner\">\n\t\t<div class=\"elementor-element elementor-element-e3ab44d e-con-full e-flex cmsmasters-block-default e-con e-child\" data-id=\"e3ab44d\" data-element_type=\"container\" data-e-type=\"container\">\n\t\t\t\t<div class=\"elementor-element elementor-element-ce6774a elementor-widget__width-initial elementor-widget-widescreen__width-initial cmsmasters-block-default cmsmasters-sticky-default elementor-widget elementor-widget-heading\" data-id=\"ce6774a\" data-element_type=\"widget\" data-e-type=\"widget\" data-widget_type=\"heading.default\">\n\t\t\t\t\t<h2 class=\"elementor-heading-title elementor-size-default\">Contact<\/h2>\t\t\t\t<\/div>\n\t\t\t\t<div class=\"elementor-element elementor-element-7dbf9ca cmsmasters-block-default cmsmasters-sticky-default elementor-widget elementor-widget-heading\" data-id=\"7dbf9ca\" data-element_type=\"widget\" data-e-type=\"widget\" data-widget_type=\"heading.default\">\n\t\t\t\t\t<p class=\"elementor-heading-title elementor-size-default\">Lees meer over onze kliniek en specialisten en ontdek waarom pati\u00ebnten uit heel Europa ons vertrouwen.<\/p>\t\t\t\t<\/div>\n\t\t<div class=\"elementor-element elementor-element-b838961 e-flex e-con-boxed cmsmasters-block-default e-con e-child\" data-id=\"b838961\" data-element_type=\"container\" data-e-type=\"container\">\n\t\t\t\t\t<div class=\"e-con-inner\">\n\t\t<div class=\"elementor-element elementor-element-282471d e-con-full e-flex cmsmasters-block-default e-con e-child\" data-id=\"282471d\" data-element_type=\"container\" data-e-type=\"container\">\n\t\t\t\t<div class=\"elementor-element elementor-element-41b5eda cmsmasters-block-default cmsmasters-sticky-default elementor-widget elementor-widget-heading\" data-id=\"41b5eda\" data-element_type=\"widget\" data-e-type=\"widget\" data-widget_type=\"heading.default\">\n\t\t\t\t\t<div class=\"elementor-heading-title elementor-size-default\">Address:<\/div>\t\t\t\t<\/div>\n\t\t\t\t<div class=\"elementor-element elementor-element-036966d cmsmasters-block-default cmsmasters-sticky-default elementor-widget elementor-widget-text-editor\" data-id=\"036966d\" data-element_type=\"widget\" data-e-type=\"widget\" data-widget_type=\"text-editor.default\">\n\t\t\t\t\t\t\t\t\t<p>Armina Konaklar\u0131 Sitesi, Ulu\u00e7, \u00c7aml\u0131k Cd 81\/C, 07070 Konyaalt\u0131\/Antalya<\/p>\t\t\t\t\t\t\t\t<\/div>\n\t\t\t\t<\/div>\n\t\t<div class=\"elementor-element elementor-element-29770cd e-con-full e-flex cmsmasters-block-default e-con e-child\" data-id=\"29770cd\" data-element_type=\"container\" data-e-type=\"container\">\n\t\t\t\t<\/div>\n\t\t\t\t\t<\/div>\n\t\t\t\t<\/div>\n\t\t\t\t<\/div>\n\t\t\t\t<div class=\"elementor-element elementor-element-5b62e5d elementor-widget-widescreen__width-initial cmsmasters-block-default cmsmasters-sticky-default elementor-widget elementor-widget-html\" data-id=\"5b62e5d\" data-element_type=\"widget\" data-e-type=\"widget\" data-widget_type=\"html.default\">\n\t\t\t\t\t<iframe src=\"https:\/\/www.google.com\/maps\/embed?pb=!1m18!1m12!1m3!1d3191.553658868375!2d30.626435677501764!3d36.87710116335831!2m3!1f0!2f0!3f0!3m2!1i1024!2i768!4f13.1!3m3!1m2!1s0x14c39151bad49aeb%3A0x1d962ea4ea377969!2zMDcgRGVudGFsIEHEn8SxeiB2ZSBEacWfIFNhxJ9sxLHEn8SxIFBvbGlrbGluacSfaQ!5e0!3m2!1str!2str!4v1770294189639!5m2!1str!2str\" width=\"600\" height=\"450\" style=\"border:0;\" allowfullscreen=\"\" loading=\"lazy\" referrerpolicy=\"no-referrer-when-downgrade\"><\/iframe>\t\t\t\t<\/div>\n\t\t\t\t\t<\/div>\n\t\t\t\t<\/div>\n\t\t<div class=\"elementor-element elementor-element-502fabe e-flex e-con-boxed cmsmasters-block-default e-con e-parent\" data-id=\"502fabe\" data-element_type=\"container\" data-e-type=\"container\">\n\t\t\t\t\t<div class=\"e-con-inner\">\n\t\t<div class=\"elementor-element elementor-element-6ccee5e e-con-full e-flex cmsmasters-block-default e-con e-child\" data-id=\"6ccee5e\" data-element_type=\"container\" data-e-type=\"container\">\n\t\t\t\t<div class=\"elementor-element elementor-element-d4f823d cmsmasters-block-default cmsmasters-sticky-default elementor-widget elementor-widget-image\" data-id=\"d4f823d\" data-element_type=\"widget\" data-e-type=\"widget\" data-widget_type=\"image.default\">\n\t\t\t\t\t\t\t\t\t\t\t\t\t\t\t<img fetchpriority=\"high\" decoding=\"async\" width=\"1900\" height=\"1111\" src=\"https:\/\/07dentalclinic.com\/nl\/wp-content\/uploads\/2026\/02\/Klinik-gorsel.png\" class=\"attachment-full size-full wp-image-36473\" alt=\"\" srcset=\"https:\/\/07dentalclinic.com\/nl\/wp-content\/uploads\/2026\/02\/Klinik-gorsel.png 1900w, https:\/\/07dentalclinic.com\/nl\/wp-content\/uploads\/2026\/02\/Klinik-gorsel-600x351.png 600w, https:\/\/07dentalclinic.com\/nl\/wp-content\/uploads\/2026\/02\/Klinik-gorsel-300x175.png 300w, https:\/\/07dentalclinic.com\/nl\/wp-content\/uploads\/2026\/02\/Klinik-gorsel-1024x599.png 1024w, https:\/\/07dentalclinic.com\/nl\/wp-content\/uploads\/2026\/02\/Klinik-gorsel-768x449.png 768w, https:\/\/07dentalclinic.com\/nl\/wp-content\/uploads\/2026\/02\/Klinik-gorsel-1536x898.png 1536w, https:\/\/07dentalclinic.com\/nl\/wp-content\/uploads\/2026\/02\/Klinik-gorsel-513x300.png 513w\" sizes=\"(max-width: 1900px) 100vw, 1900px\" \/>\t\t\t\t\t\t\t\t\t\t\t\t\t\t\t<\/div>\n\t\t\t\t<div class=\"elementor-element elementor-element-b928c60 cmsmasters-block-default cmsmasters-sticky-default elementor-widget elementor-widget-heading\" data-id=\"b928c60\" data-element_type=\"widget\" data-e-type=\"widget\" data-widget_type=\"heading.default\">\n\t\t\t\t\t<h4 class=\"elementor-heading-title elementor-size-default\">Apple Valley<\/h4>\t\t\t\t<\/div>\n\t\t<div class=\"elementor-element elementor-element-d5c3a17 e-flex e-con-boxed cmsmasters-block-default e-con e-child\" data-id=\"d5c3a17\" data-element_type=\"container\" data-e-type=\"container\">\n\t\t\t\t\t<div class=\"e-con-inner\">\n\t\t<div class=\"elementor-element elementor-element-85cc87d e-con-full e-flex cmsmasters-block-default e-con e-child\" data-id=\"85cc87d\" data-element_type=\"container\" data-e-type=\"container\">\n\t\t\t\t<div class=\"elementor-element elementor-element-be835bd cmsmasters-block-default cmsmasters-sticky-default elementor-widget elementor-widget-heading\" data-id=\"be835bd\" data-element_type=\"widget\" data-e-type=\"widget\" data-widget_type=\"heading.default\">\n\t\t\t\t\t<div class=\"elementor-heading-title elementor-size-default\">Address:<\/div>\t\t\t\t<\/div>\n\t\t\t\t<div class=\"elementor-element elementor-element-7b73888 cmsmasters-block-default cmsmasters-sticky-default elementor-widget elementor-widget-text-editor\" data-id=\"7b73888\" data-element_type=\"widget\" data-e-type=\"widget\" data-widget_type=\"text-editor.default\">\n\t\t\t\t\t\t\t\t\t<p>Armina Konaklar\u0131 Sitesi, Ulu\u00e7, \u00c7aml\u0131k Cd 81\/C, 07070 Konyaalt\u0131\/Antalya<\/p>\t\t\t\t\t\t\t\t<\/div>\n\t\t\t\t<\/div>\n\t\t<div class=\"elementor-element elementor-element-1c67cd4 e-con-full e-flex cmsmasters-block-default e-con e-child\" data-id=\"1c67cd4\" data-element_type=\"container\" data-e-type=\"container\">\n\t\t\t\t<div class=\"elementor-element elementor-element-6136637 cmsmasters-block-default cmsmasters-sticky-default elementor-widget elementor-widget-heading\" data-id=\"6136637\" data-element_type=\"widget\" data-e-type=\"widget\" data-widget_type=\"heading.default\">\n\t\t\t\t\t<div class=\"elementor-heading-title elementor-size-default\">Telefoon:<\/div>\t\t\t\t<\/div>\n\t\t\t\t<div class=\"elementor-element elementor-element-8bb6256 cmsmasters-icon-arrangement-together cmsmasters-block-default cmsmasters-sticky-default elementor-widget elementor-widget-cmsmasters-button\" data-id=\"8bb6256\" data-element_type=\"widget\" data-e-type=\"widget\" data-widget_type=\"cmsmasters-button.default\">\n\t\t\t\t\t<div class=\"elementor-widget-cmsmasters-button__button-container\"><div class=\"elementor-widget-cmsmasters-button__button-container-inner\"><a href=\"tel:+31%206%2021363285\" class=\"cmsmasters-button-link elementor-widget-cmsmasters-button__button cmsmasters-icon-view-framed cmsmasters-icon-shape-circle cmsmasters-button-size-sm\" role=\"button\" tabindex=\"0\"><span class=\"elementor-widget-cmsmasters-button__content-wrapper cmsmasters-align-icon-left\"><span class=\"elementor-widget-cmsmasters-button__icon\"><i aria-hidden=\"true\" class=\"cmsdemo-icon- cms-demo-icon-phone\"><\/i><\/span><span class=\"elementor-widget-cmsmasters-button__text\">Call: +31 6 21363285<\/span><\/span><\/a><\/div><\/div>\t\t\t\t<\/div>\n\t\t\t\t<div class=\"elementor-element elementor-element-219c526 cmsmasters-icon-arrangement-together cmsmasters-block-default cmsmasters-sticky-default elementor-widget elementor-widget-cmsmasters-button\" data-id=\"219c526\" data-element_type=\"widget\" data-e-type=\"widget\" data-widget_type=\"cmsmasters-button.default\">\n\t\t\t\t\t<div class=\"elementor-widget-cmsmasters-button__button-container\"><div class=\"elementor-widget-cmsmasters-button__button-container-inner\"><a href=\"tel:+905454047007\" class=\"cmsmasters-button-link elementor-widget-cmsmasters-button__button cmsmasters-icon-view-framed cmsmasters-icon-shape-circle cmsmasters-button-size-sm\" role=\"button\" tabindex=\"0\"><span class=\"elementor-widget-cmsmasters-button__content-wrapper cmsmasters-align-icon-left\"><span class=\"elementor-widget-cmsmasters-button__icon\"><i aria-hidden=\"true\" class=\"cmsdemo-icon- cms-demo-icon-phone\"><\/i><\/span><span class=\"elementor-widget-cmsmasters-button__text\">Call: +90 545 404 70 07<\/span><\/span><\/a><\/div><\/div>\t\t\t\t<\/div>\n\t\t\t\t<div class=\"elementor-element elementor-element-bc7d482 cmsmasters-icon-arrangement-together cmsmasters-block-default cmsmasters-sticky-default elementor-widget elementor-widget-cmsmasters-button\" data-id=\"bc7d482\" data-element_type=\"widget\" data-e-type=\"widget\" data-widget_type=\"cmsmasters-button.default\">\n\t\t\t\t\t<div class=\"elementor-widget-cmsmasters-button__button-container\"><div class=\"elementor-widget-cmsmasters-button__button-container-inner\"><a href=\"\" class=\"cmsmasters-button-link elementor-widget-cmsmasters-button__button cmsmasters-icon-view-framed cmsmasters-icon-shape-circle cmsmasters-button-size-sm\" role=\"button\" tabindex=\"0\"><span class=\"elementor-widget-cmsmasters-button__content-wrapper cmsmasters-align-icon-left\"><span class=\"elementor-widget-cmsmasters-button__icon\"><i aria-hidden=\"true\" class=\"cmsdemo-icon- cms-demo-icon-email\"><\/i><\/span><span class=\"elementor-widget-cmsmasters-button__text\">mail: info@07dentalclinic.com<\/span><\/span><\/a><\/div><\/div>\t\t\t\t<\/div>\n\t\t\t\t<\/div>\n\t\t\t\t\t<\/div>\n\t\t\t\t<\/div>\n\t\t\t\t<\/div>\n\t\t\t\t\t<\/div>\n\t\t\t\t<\/div>\n\t\t<div class=\"elementor-element elementor-element-c2e80ea e-flex e-con-boxed cmsmasters-block-default e-con e-parent\" data-id=\"c2e80ea\" data-element_type=\"container\" data-e-type=\"container\">\n\t\t\t\t\t<div class=\"e-con-inner\">\n\t\t<div class=\"elementor-element elementor-element-ce919db e-con-full e-flex cmsmasters-block-default e-con e-child\" data-id=\"ce919db\" data-element_type=\"container\" data-e-type=\"container\">\n\t\t\t\t<div class=\"elementor-element elementor-element-95192f3 cmsmasters-block-default cmsmasters-sticky-default elementor-widget elementor-widget-image\" data-id=\"95192f3\" data-element_type=\"widget\" data-e-type=\"widget\" data-widget_type=\"image.default\">\n\t\t\t\t\t\t\t\t\t\t\t\t\t\t\t<img decoding=\"async\" width=\"1900\" height=\"2223\" src=\"https:\/\/07dentalclinic.com\/nl\/wp-content\/uploads\/2026\/02\/lyubovvv.png\" class=\"attachment-full size-full wp-image-36474\" alt=\"\" srcset=\"https:\/\/07dentalclinic.com\/nl\/wp-content\/uploads\/2026\/02\/lyubovvv.png 1900w, https:\/\/07dentalclinic.com\/nl\/wp-content\/uploads\/2026\/02\/lyubovvv-600x702.png 600w, https:\/\/07dentalclinic.com\/nl\/wp-content\/uploads\/2026\/02\/lyubovvv-256x300.png 256w, https:\/\/07dentalclinic.com\/nl\/wp-content\/uploads\/2026\/02\/lyubovvv-875x1024.png 875w, https:\/\/07dentalclinic.com\/nl\/wp-content\/uploads\/2026\/02\/lyubovvv-768x899.png 768w, https:\/\/07dentalclinic.com\/nl\/wp-content\/uploads\/2026\/02\/lyubovvv-1313x1536.png 1313w, https:\/\/07dentalclinic.com\/nl\/wp-content\/uploads\/2026\/02\/lyubovvv-1750x2048.png 1750w\" sizes=\"(max-width: 1900px) 100vw, 1900px\" \/>\t\t\t\t\t\t\t\t\t\t\t\t\t\t\t<\/div>\n\t\t\t\t<\/div>\n\t\t<div class=\"elementor-element elementor-element-67a7d67 e-con-full e-flex cmsmasters-block-default e-con e-child\" data-id=\"67a7d67\" data-element_type=\"container\" data-e-type=\"container\">\n\t\t\t\t<div class=\"elementor-element elementor-element-8b960af cmsmasters-block-default cmsmasters-sticky-default elementor-widget elementor-widget-heading\" data-id=\"8b960af\" data-element_type=\"widget\" data-e-type=\"widget\" data-widget_type=\"heading.default\">\n\t\t\t\t\t<h2 class=\"elementor-heading-title elementor-size-default\">Stel een vraag<\/h2>\t\t\t\t<\/div>\n\t\t\t\t<div class=\"elementor-element elementor-element-ed32c40 cmsmasters-block-default cmsmasters-sticky-default elementor-widget elementor-widget-text-editor\" data-id=\"ed32c40\" data-element_type=\"widget\" data-e-type=\"widget\" data-widget_type=\"text-editor.default\">\n\t\t\t\t\t\t\t\t\t<p class=\"p1\">Heeft u vragen? Neem gerust contact met ons op. Vul hieronder het formulier in.<\/p>\t\t\t\t\t\t\t\t<\/div>\n\t\t\t\t<div class=\"elementor-element elementor-element-28442d7 cmsmasters-block-default cmsmasters-sticky-default elementor-widget elementor-widget-html\" data-id=\"28442d7\" data-element_type=\"widget\" data-e-type=\"widget\" data-widget_type=\"html.default\">\n\t\t\t\t\t<script>!function(a,m,o,c,r,m){a[o+c]=a[o+c]||{setMeta:function(p){this.params=(this.params||[]).concat([p])}},a[o+r]=a[o+r]||function(f){a[o+r].f=(a[o+r].f||[]).concat([f])},a[o+r]({id:\"1651835\",hash:\"476e069adef12a2ec98ff3595039b730\",locale:\"en\"}),a[o+m]=a[o+m]||function(f,k){a[o+m].f=(a[o+m].f||[]).concat([[f,k]])}}(window,0,\"amo_forms_\",\"params\",\"load\",\"loaded\");<\/script><script id=\"amoforms_script_1651835\" async=\"async\" charset=\"utf-8\" src=\"https:\/\/forms.kommo.com\/forms\/assets\/js\/amoforms.js?1771851502\"><\/script>\t\t\t\t<\/div>\n\t\t\t\t<\/div>\n\t\t\t\t\t<\/div>\n\t\t\t\t<\/div>\n\t\t\t\t<\/div>\n\t\t","protected":false},"excerpt":{"rendered":"<p>Contact Us Neem eenvoudig contact met ons op Whatsapp Call: +31 6 21363285 Contact Lees meer over onze kliniek en specialisten en ontdek waarom pati\u00ebnten uit heel Europa ons vertrouwen. Address: Armina Konaklar\u0131 Sitesi, Ulu\u00e7, \u00c7aml\u0131k Cd 81\/C, 07070 Konyaalt\u0131\/Antalya Apple Valley Address: Armina Konaklar\u0131 Sitesi, Ulu\u00e7, \u00c7aml\u0131k Cd 81\/C, 07070 Konyaalt\u0131\/Antalya Telefoon: Call: +31&#8230;<\/p>\n","protected":false},"author":1,"featured_media":0,"parent":0,"menu_order":0,"comment_status":"closed","ping_status":"closed","template":"","meta":{"_acf_changed":false,"footnotes":""},"class_list":["post-36452","page","type-page","status-publish","hentry"],"acf":[],"_links":{"self":[{"href":"https:\/\/07dentalclinic.com\/nl\/wp-json\/wp\/v2\/pages\/36452","targetHints":{"allow":["GET"]}}],"collection":[{"href":"https:\/\/07dentalclinic.com\/nl\/wp-json\/wp\/v2\/pages"}],"about":[{"href":"https:\/\/07dentalclinic.com\/nl\/wp-json\/wp\/v2\/types\/page"}],"author":[{"embeddable":true,"href":"https:\/\/07dentalclinic.com\/nl\/wp-json\/wp\/v2\/users\/1"}],"replies":[{"embeddable":true,"href":"https:\/\/07dentalclinic.com\/nl\/wp-json\/wp\/v2\/comments?post=36452"}],"version-history":[{"count":19,"href":"https:\/\/07dentalclinic.com\/nl\/wp-json\/wp\/v2\/pages\/36452\/revisions"}],"predecessor-version":[{"id":36967,"href":"https:\/\/07dentalclinic.com\/nl\/wp-json\/wp\/v2\/pages\/36452\/revisions\/36967"}],"wp:attachment":[{"href":"https:\/\/07dentalclinic.com\/nl\/wp-json\/wp\/v2\/media?parent=36452"}],"curies":[{"name":"wp","href":"https:\/\/api.w.org\/{rel}","templated":true}]}}